{"id":153,"date":"2021-11-23T16:13:05","date_gmt":"2021-11-23T15:13:05","guid":{"rendered":"http:\/\/www.christelle-danan-hypnose.fr\/?page_id=153"},"modified":"2022-01-09T15:46:53","modified_gmt":"2022-01-09T14:46:53","slug":"christelle-danan","status":"publish","type":"page","link":"https:\/\/www.christelle-danan-hypnose.fr\/index.php\/christelle-danan\/","title":{"rendered":"Qui suis je ?"},"content":{"rendered":"\t\t<div data-elementor-type=\"wp-page\" data-elementor-id=\"153\" class=\"elementor elementor-153\" data-elementor-settings=\"[]\">\n\t\t\t\t\t\t\t<div class=\"elementor-section-wrap\">\n\t\t\t\t\t\t\t<section class=\"elementor-section elementor-top-section elementor-element elementor-element-1d38b7d elementor-section-boxed elementor-section-height-default elementor-section-height-default\" data-id=\"1d38b7d\" data-element_type=\"section\">\n\t\t\t\t\t\t<div class=\"elementor-container elementor-column-gap-default\">\n\t\t\t\t\t<div class=\"elementor-column elementor-col-33 elementor-top-column elementor-element elementor-element-da7f2d1\" data-id=\"da7f2d1\" data-element_type=\"column\">\n\t\t\t<div class=\"elementor-widget-wrap elementor-element-populated\">\n\t\t\t\t\t\t\t\t<div class=\"elementor-element elementor-element-efb2eb4 elementor-widget elementor-widget-image\" data-id=\"efb2eb4\" data-element_type=\"widget\" data-widget_type=\"image.default\">\n\t\t\t\t<div class=\"elementor-widget-container\">\n\t\t\t\t\t\t\t\t\t\t\t\t\t\t\t<img width=\"464\" height=\"640\" src=\"https:\/\/www.christelle-danan-hypnose.fr\/wp-content\/uploads\/2021\/11\/unnamed-1-2.jpg\" class=\"attachment-medium_large size-medium_large\" alt=\"\" loading=\"lazy\" srcset=\"https:\/\/www.christelle-danan-hypnose.fr\/wp-content\/uploads\/2021\/11\/unnamed-1-2.jpg 464w, https:\/\/www.christelle-danan-hypnose.fr\/wp-content\/uploads\/2021\/11\/unnamed-1-2-218x300.jpg 218w\" sizes=\"(max-width: 464px) 100vw, 464px\" \/>\t\t\t\t\t\t\t\t\t\t\t\t\t\t\t<\/div>\n\t\t\t\t<\/div>\n\t\t\t\t\t<\/div>\n\t\t<\/div>\n\t\t\t\t<div class=\"elementor-column elementor-col-66 elementor-top-column elementor-element elementor-element-904330a\" data-id=\"904330a\" data-element_type=\"column\">\n\t\t\t<div class=\"elementor-widget-wrap elementor-element-populated\">\n\t\t\t\t\t\t\t\t<div class=\"elementor-element elementor-element-b95f64a elementor-widget elementor-widget-text-editor\" data-id=\"b95f64a\" data-element_type=\"widget\" data-widget_type=\"text-editor.default\">\n\t\t\t\t<div class=\"elementor-widget-container\">\n\t\t\t\t\t\t\t<p><span style=\"font-family: 'Arial','sans-serif'; mso-fareast-font-family: 'Times New Roman'; color: #222222; mso-fareast-language: FR;\">Apr\u00e8s 20 ans d\u2019exp\u00e9rience dans un cabinet dentaire, et forte de cette exp\u00e9rience aux c\u00f4t\u00e9s de patients, j<\/span><span style=\"color: #222222; font-family: Arial, 'sans-serif';\">\u2019ai choisi en 2016 d\u2019ajouter une corde \u00e0 mon arc en me formant \u00e0 l\u2019hypnose. Mon petit plus pour accompagner au mieux les patients en situation de stress au moment de soins dentaires !<\/span><\/p>\n<p class=\"MsoNormal\" style=\"margin-bottom: 0.0001pt; line-height: normal; background-image: initial; background-position: initial; background-size: initial; background-repeat: initial; background-attachment: initial; background-origin: initial; background-clip: initial;\"><span style=\"font-family: 'Arial','sans-serif'; mso-fareast-font-family: 'Times New Roman'; color: #222222; mso-fareast-language: FR;\">C&#8217;est comme \u00e7a qu&#8217;est n\u00e9e ma vocation&#8230; puisque j<\/span><span style=\"font-family: 'Arial','sans-serif'; mso-fareast-font-family: 'Times New Roman'; color: #222222; mso-fareast-language: FR;\">e suis officiellement devenue praticienne en hypnose Ericksonnienne, dipl\u00f4m\u00e9e du Centre de formation certifi\u00e9 LVH \u00e0 Montpellier.<\/span><\/p>\n<p class=\"MsoNormal\" style=\"margin-bottom: 0.0001pt; line-height: normal; background-image: initial; background-position: initial; background-size: initial; background-repeat: initial; background-attachment: initial; background-origin: initial; background-clip: initial;\"><span style=\"font-family: 'Arial','sans-serif'; mso-fareast-font-family: 'Times New Roman'; color: #222222; mso-fareast-language: FR;\">\u00a0<\/span><\/p>\n<p class=\"MsoNormal\" style=\"margin-bottom: 0.0001pt; line-height: normal; background-image: initial; background-position: initial; background-size: initial; background-repeat: initial; background-attachment: initial; background-origin: initial; background-clip: initial;\"><span style=\"font-family: 'Arial','sans-serif'; mso-fareast-font-family: 'Times New Roman'; color: #222222; mso-fareast-language: FR;\">D\u00e8s lors, j\u2019ai pu constater l\u2019efficacit\u00e9 de cette discipline, non seulement sur les \u00e9tats de stress comme les phobies, mais aussi sur la gestion de la douleur,et dans bien d\u2019autres domaines comme&#8230;<\/span><\/p>\n<p class=\"MsoNormal\" style=\"margin-bottom: 0.0001pt; line-height: normal; background-image: initial; background-position: initial; background-size: initial; background-repeat: initial; background-attachment: initial; background-origin: initial; background-clip: initial;\"><span style=\"font-family: 'Arial','sans-serif'; mso-fareast-font-family: 'Times New Roman'; color: #222222; mso-fareast-language: FR;\">\u00a0<\/span><\/p>\n<ul>\n<li class=\"MsoNormal\" style=\"line-height: normal; background-image: initial; background-position: initial; background-size: initial; background-repeat: initial; background-attachment: initial; background-origin: initial; background-clip: initial;\"><span style=\"font-family: 'Arial','sans-serif'; mso-fareast-font-family: 'Times New Roman'; color: #222222; mso-fareast-language: FR;\">La confiance en soi<\/span><\/li>\n<li><span style=\"font-family: 'Arial','sans-serif'; mso-fareast-font-family: 'Times New Roman'; color: #222222; mso-fareast-language: FR;\">La gestion du poids<\/span><\/li>\n<li><span style=\"font-family: 'Arial','sans-serif'; mso-fareast-font-family: 'Times New Roman'; color: #222222; mso-fareast-language: FR;\">Les troubles du sommeil<\/span><\/li>\n<li><span style=\"font-family: 'Arial','sans-serif'; mso-fareast-font-family: 'Times New Roman'; color: #222222; mso-fareast-language: FR;\">Les addictions<\/span><\/li>\n<li><span style=\"font-family: 'Arial','sans-serif'; mso-fareast-font-family: 'Times New Roman'; color: #222222; mso-fareast-language: FR;\">L\u2019aide au deuil et les s\u00e9parations, etc<\/span><\/li>\n<\/ul>\n<p class=\"MsoNormal\" style=\"margin-bottom: 0.0001pt; line-height: normal; background-image: initial; background-position: initial; background-size: initial; background-repeat: initial; background-attachment: initial; background-origin: initial; background-clip: initial;\"><span style=\"font-family: 'Arial','sans-serif'; mso-fareast-font-family: 'Times New Roman'; color: #222222; mso-fareast-language: FR;\">\u00a0<\/span><\/p>\n<p class=\"MsoNormal\" style=\"margin-bottom: 0.0001pt; line-height: normal; background-image: initial; background-position: initial; background-size: initial; background-repeat: initial; background-attachment: initial; background-origin: initial; background-clip: initial;\"><span style=\"font-family: 'Arial','sans-serif'; mso-fareast-font-family: 'Times New Roman'; color: #222222; mso-fareast-language: FR;\">Et c\u2019est ainsi qu\u2019aujourd\u2019hui je me consacre pleinement \u00e0 vous accompagner par l&#8217;hypnose et \u00e0 mettre mes comp\u00e9tences \u00e0 votre service afin de vous permettre d\u2019atteindre vos objectifs.<\/span><\/p>\n<p class=\"MsoNormal\" style=\"margin-bottom: 0.0001pt; line-height: normal; background-image: initial; background-position: initial; background-size: initial; background-repeat: initial; background-attachment: initial; background-origin: initial; background-clip: initial;\"><span style=\"font-family: 'Arial','sans-serif'; mso-fareast-font-family: 'Times New Roman'; color: #222222; mso-fareast-language: FR;\">\u00a0<\/span><\/p>\n<p class=\"MsoNormal\" style=\"margin-bottom: 0.0001pt; line-height: normal; background-image: initial; background-position: initial; background-size: initial; background-repeat: initial; background-attachment: initial; background-origin: initial; background-clip: initial;\"><span style=\"font-family: 'Arial','sans-serif'; mso-fareast-font-family: 'Times New Roman'; color: #222222; mso-fareast-language: FR;\">L\u2019hypnose que je pratique a la particularit\u00e9 de s\u2019adapter \u00e0 chacun de vous.\u00a0<\/span><span style=\"color: #222222; font-family: Arial, 'sans-serif';\">Je vous accompagne de mani\u00e8re personnalis\u00e9e avec bienveillance et respect : r<\/span><span style=\"color: #222222; font-family: Arial, 'sans-serif';\">espect de votre rythme, de vos objectifs, de vos besoins&#8230;<\/span><\/p>\n<p class=\"MsoNormal\" style=\"margin-bottom: 0.0001pt; line-height: normal; background-image: initial; background-position: initial; background-size: initial; background-repeat: initial; background-attachment: initial; background-origin: initial; background-clip: initial;\"><span style=\"color: #222222; font-family: Arial, 'sans-serif';\">\u00a0<\/span><\/p>\n<p class=\"MsoNormal\" style=\"margin-bottom: 0.0001pt; line-height: normal; background-image: initial; background-position: initial; background-size: initial; background-repeat: initial; background-attachment: initial; background-origin: initial; background-clip: initial;\"><span style=\"color: #222222; font-family: Arial, 'sans-serif';\">Au plaisir de vous accompagner,<\/span><\/p>\n<p class=\"MsoNormal\" style=\"margin-bottom: 0.0001pt; line-height: normal; background-image: initial; background-position: initial; background-size: initial; background-repeat: initial; background-attachment: initial; background-origin: initial; background-clip: initial;\"><span style=\"color: #222222; font-family: Arial, 'sans-serif';\">\u00a0<\/span><\/p>\n<p class=\"MsoNormal\" style=\"margin-bottom: 0.0001pt; line-height: normal; background-image: initial; background-position: initial; background-size: initial; background-repeat: initial; background-attachment: initial; background-origin: initial; background-clip: initial;\"><span style=\"color: #222222; font-family: Arial, 'sans-serif';\">Christelle Danan<\/span><\/p>\t\t\t\t\t\t<\/div>\n\t\t\t\t<\/div>\n\t\t\t\t\t<\/div>\n\t\t<\/div>\n\t\t\t\t\t\t\t<\/div>\n\t\t<\/section>\n\t\t\t\t<section class=\"elementor-section elementor-top-section elementor-element elementor-element-20f4852 elementor-section-boxed elementor-section-height-default elementor-section-height-default\" data-id=\"20f4852\" data-element_type=\"section\">\n\t\t\t\t\t\t<div class=\"elementor-container elementor-column-gap-default\">\n\t\t\t\t\t<div class=\"elementor-column elementor-col-100 elementor-top-column elementor-element elementor-element-3ac7dce\" data-id=\"3ac7dce\" data-element_type=\"column\">\n\t\t\t<div class=\"elementor-widget-wrap elementor-element-populated\">\n\t\t\t\t\t\t\t\t<div class=\"elementor-element elementor-element-c0ad7fb elementor-widget-divider--view-line elementor-widget elementor-widget-divider\" data-id=\"c0ad7fb\" data-element_type=\"widget\" data-widget_type=\"divider.default\">\n\t\t\t\t<div class=\"elementor-widget-container\">\n\t\t\t\t\t<div class=\"elementor-divider\">\n\t\t\t<span class=\"elementor-divider-separator\">\n\t\t\t\t\t\t<\/span>\n\t\t<\/div>\n\t\t\t\t<\/div>\n\t\t\t\t<\/div>\n\t\t\t\t\t<\/div>\n\t\t<\/div>\n\t\t\t\t\t\t\t<\/div>\n\t\t<\/section>\n\t\t\t\t<section class=\"elementor-section elementor-top-section elementor-element elementor-element-4078ef1 elementor-section-boxed elementor-section-height-default elementor-section-height-default\" data-id=\"4078ef1\" data-element_type=\"section\">\n\t\t\t\t\t\t<div class=\"elementor-container elementor-column-gap-default\">\n\t\t\t\t\t<div class=\"elementor-column elementor-col-100 elementor-top-column elementor-element elementor-element-8853ceb\" data-id=\"8853ceb\" data-element_type=\"column\">\n\t\t\t<div class=\"elementor-widget-wrap elementor-element-populated\">\n\t\t\t\t\t\t\t\t<div class=\"elementor-element elementor-element-3116c9f elementor-button-info elementor-align-center elementor-widget elementor-widget-button\" data-id=\"3116c9f\" data-element_type=\"widget\" data-widget_type=\"button.default\">\n\t\t\t\t<div class=\"elementor-widget-container\">\n\t\t\t\t\t<div class=\"elementor-button-wrapper\">\n\t\t\t<a href=\"http:\/\/www.christelle-danan-hypnose.fr\/index.php\/contact\/\" class=\"elementor-button-link elementor-button elementor-size-md\" role=\"button\">\n\t\t\t\t\t\t<span class=\"elementor-button-content-wrapper\">\n\t\t\t\t\t\t<span class=\"elementor-button-icon elementor-align-icon-left\">\n\t\t\t\t<i aria-hidden=\"true\" class=\"fas fa-phone-alt\"><\/i>\t\t\t<\/span>\n\t\t\t\t\t\t<span class=\"elementor-button-text\">Contactez-moi<\/span>\n\t\t<\/span>\n\t\t\t\t\t<\/a>\n\t\t<\/div>\n\t\t\t\t<\/div>\n\t\t\t\t<\/div>\n\t\t\t\t\t<\/div>\n\t\t<\/div>\n\t\t\t\t\t\t\t<\/div>\n\t\t<\/section>\n\t\t\t\t<section class=\"elementor-section elementor-top-section elementor-element elementor-element-e83d7ce elementor-section-boxed elementor-section-height-default elementor-section-height-default\" data-id=\"e83d7ce\" data-element_type=\"section\">\n\t\t\t\t\t\t<div class=\"elementor-container elementor-column-gap-default\">\n\t\t\t\t\t<div class=\"elementor-column elementor-col-100 elementor-top-column elementor-element elementor-element-4ff0c9c\" data-id=\"4ff0c9c\" data-element_type=\"column\">\n\t\t\t<div class=\"elementor-widget-wrap elementor-element-populated\">\n\t\t\t\t\t\t\t\t<div class=\"elementor-element elementor-element-d3c7a8e elementor-widget-divider--view-line elementor-widget elementor-widget-divider\" data-id=\"d3c7a8e\" data-element_type=\"widget\" data-widget_type=\"divider.default\">\n\t\t\t\t<div class=\"elementor-widget-container\">\n\t\t\t\t\t<div class=\"elementor-divider\">\n\t\t\t<span class=\"elementor-divider-separator\">\n\t\t\t\t\t\t<\/span>\n\t\t<\/div>\n\t\t\t\t<\/div>\n\t\t\t\t<\/div>\n\t\t\t\t\t<\/div>\n\t\t<\/div>\n\t\t\t\t\t\t\t<\/div>\n\t\t<\/section>\n\t\t\t\t<section class=\"elementor-section elementor-top-section elementor-element elementor-element-8af349d elementor-section-boxed elementor-section-height-default elementor-section-height-default\" data-id=\"8af349d\" data-element_type=\"section\">\n\t\t\t\t\t\t<div class=\"elementor-container elementor-column-gap-default\">\n\t\t\t\t\t<div class=\"elementor-column elementor-col-100 elementor-top-column elementor-element elementor-element-db92e4f\" data-id=\"db92e4f\" data-element_type=\"column\">\n\t\t\t<div class=\"elementor-widget-wrap elementor-element-populated\">\n\t\t\t\t\t\t\t\t<div class=\"elementor-element elementor-element-43df4e8 elementor-widget elementor-widget-heading\" data-id=\"43df4e8\" data-element_type=\"widget\" data-widget_type=\"heading.default\">\n\t\t\t\t<div class=\"elementor-widget-container\">\n\t\t\t<h2 class=\"elementor-heading-title elementor-size-xl\">La presse en parle<\/h2>\t\t<\/div>\n\t\t\t\t<\/div>\n\t\t\t\t\t<\/div>\n\t\t<\/div>\n\t\t\t\t\t\t\t<\/div>\n\t\t<\/section>\n\t\t\t\t<section class=\"elementor-section elementor-top-section elementor-element elementor-element-fa89d9a elementor-section-boxed elementor-section-height-default elementor-section-height-default\" data-id=\"fa89d9a\" data-element_type=\"section\">\n\t\t\t\t\t\t<div class=\"elementor-container elementor-column-gap-default\">\n\t\t\t\t\t<div class=\"elementor-column elementor-col-66 elementor-top-column elementor-element elementor-element-727b84e\" data-id=\"727b84e\" data-element_type=\"column\">\n\t\t\t<div class=\"elementor-widget-wrap elementor-element-populated\">\n\t\t\t\t\t\t\t\t<div class=\"elementor-element elementor-element-5516671 elementor-widget elementor-widget-text-editor\" data-id=\"5516671\" data-element_type=\"widget\" data-widget_type=\"text-editor.default\">\n\t\t\t\t<div class=\"elementor-widget-container\">\n\t\t\t\t\t\t\t<p>Le 8\u00e8me num\u00e9ro du magazine\u00a0<a style=\"background-color: #ffffff; font-family: var( --e-global-typography-text-font-family ), Sans-serif;\" href=\"https:\/\/www.emma-magazine.fr\/\" target=\"_blank\" rel=\"noopener\">EMMA<\/a>, la r\u00e9f\u00e9rence des magazines des montpelli\u00e9rain(e)s, a d\u00e9di\u00e9 une page &#8220;coup de coeur&#8221; \u00e0 mon activit\u00e9, et retrac\u00e9 mon parcours.<\/p><p>Merci pour cet article&#8230; \u00e0 <a style=\"font-family: var( --e-global-typography-text-font-family ), Sans-serif; background-color: #ffffff;\" href=\"https:\/\/fr.calameo.com\/read\/0038360464d328f7bebdc\" target=\"_blank\" rel=\"noopener\">d\u00e9couvrir ici !<\/a><\/p>\t\t\t\t\t\t<\/div>\n\t\t\t\t<\/div>\n\t\t\t\t\t<\/div>\n\t\t<\/div>\n\t\t\t\t<div class=\"elementor-column elementor-col-33 elementor-top-column elementor-element elementor-element-af93344\" data-id=\"af93344\" data-element_type=\"column\">\n\t\t\t<div class=\"elementor-widget-wrap elementor-element-populated\">\n\t\t\t\t\t\t\t\t<div class=\"elementor-element elementor-element-9652b4d elementor-widget elementor-widget-image\" data-id=\"9652b4d\" data-element_type=\"widget\" data-widget_type=\"image.default\">\n\t\t\t\t<div class=\"elementor-widget-container\">\n\t\t\t\t\t\t\t\t\t\t\t\t\t\t\t<img width=\"300\" height=\"280\" src=\"https:\/\/www.christelle-danan-hypnose.fr\/wp-content\/uploads\/2022\/01\/EMMA-MAG-2-e1641739095958-300x280.jpg\" class=\"attachment-medium size-medium\" alt=\"\" loading=\"lazy\" srcset=\"https:\/\/www.christelle-danan-hypnose.fr\/wp-content\/uploads\/2022\/01\/EMMA-MAG-2-e1641739095958-300x280.jpg 300w, https:\/\/www.christelle-danan-hypnose.fr\/wp-content\/uploads\/2022\/01\/EMMA-MAG-2-e1641739095958-1024x956.jpg 1024w, https:\/\/www.christelle-danan-hypnose.fr\/wp-content\/uploads\/2022\/01\/EMMA-MAG-2-e1641739095958-768x717.jpg 768w, https:\/\/www.christelle-danan-hypnose.fr\/wp-content\/uploads\/2022\/01\/EMMA-MAG-2-e1641739095958.jpg 1512w\" sizes=\"(max-width: 300px) 100vw, 300px\" \/>\t\t\t\t\t\t\t\t\t\t\t\t\t\t\t<\/div>\n\t\t\t\t<\/div>\n\t\t\t\t\t<\/div>\n\t\t<\/div>\n\t\t\t\t\t\t\t<\/div>\n\t\t<\/section>\n\t\t\t\t\t\t<\/div>\n\t\t\t\t\t<\/div>\n\t\t","protected":false},"excerpt":{"rendered":"<p>Apr\u00e8s 20 ans d\u2019exp\u00e9rience dans un cabinet dentaire, et forte de cette exp\u00e9rience aux c\u00f4t\u00e9s de patients, j\u2019ai choisi en 2016 d\u2019ajouter une corde \u00e0 mon arc en me formant \u00e0 l\u2019hypnose. Mon petit plus pour accompagner au mieux les patients en situation de stress au moment de soins dentaires ! C&#8217;est comme \u00e7a qu&#8217;est [&hellip;]<\/p>\n","protected":false},"author":1,"featured_media":158,"parent":0,"menu_order":0,"comment_status":"closed","ping_status":"closed","template":"elementor_theme","meta":[],"yoast_head":"<!-- This site is optimized with the Yoast SEO plugin v17.7.1 - https:\/\/yoast.com\/wordpress\/plugins\/seo\/ -->\n<title>Qui suis je ? - Christelle Danan Hypnose<\/title>\n<meta name=\"description\" content=\"Christelle Danan, hypnoth\u00e9rapeute certifi\u00e9e. D\u00e9couvrez mon parcours et ma m\u00e9thode pour mieux vous accompagner.\" \/>\n<meta name=\"robots\" content=\"index, follow, max-snippet:-1, max-image-preview:large, max-video-preview:-1\" \/>\n<link rel=\"canonical\" href=\"https:\/\/www.christelle-danan-hypnose.fr\/index.php\/christelle-danan\/\" \/>\n<meta property=\"og:locale\" content=\"en_US\" \/>\n<meta property=\"og:type\" content=\"article\" \/>\n<meta property=\"og:title\" content=\"Qui suis je ? - Christelle Danan Hypnose\" \/>\n<meta property=\"og:description\" content=\"Christelle Danan, hypnoth\u00e9rapeute certifi\u00e9e. D\u00e9couvrez mon parcours et ma m\u00e9thode pour mieux vous accompagner.\" \/>\n<meta property=\"og:url\" content=\"https:\/\/www.christelle-danan-hypnose.fr\/index.php\/christelle-danan\/\" \/>\n<meta property=\"og:site_name\" content=\"Christelle Danan Hypnose\" \/>\n<meta property=\"article:modified_time\" content=\"2022-01-09T14:46:53+00:00\" \/>\n<meta property=\"og:image\" content=\"https:\/\/www.christelle-danan-hypnose.fr\/wp-content\/uploads\/2021\/11\/fondtextecouleur.png\" \/>\n\t<meta property=\"og:image:width\" content=\"2000\" \/>\n\t<meta property=\"og:image:height\" content=\"1200\" \/>\n<meta name=\"twitter:card\" content=\"summary_large_image\" \/>\n<meta name=\"twitter:label1\" content=\"Est. reading time\" \/>\n\t<meta name=\"twitter:data1\" content=\"2 minutes\" \/>\n<script type=\"application\/ld+json\" class=\"yoast-schema-graph\">{\"@context\":\"https:\/\/schema.org\",\"@graph\":[{\"@type\":\"WebSite\",\"@id\":\"https:\/\/www.christelle-danan-hypnose.fr\/#website\",\"url\":\"https:\/\/www.christelle-danan-hypnose.fr\/\",\"name\":\"Christelle Danan Hypnose\",\"description\":\"\",\"potentialAction\":[{\"@type\":\"SearchAction\",\"target\":{\"@type\":\"EntryPoint\",\"urlTemplate\":\"https:\/\/www.christelle-danan-hypnose.fr\/?s={search_term_string}\"},\"query-input\":\"required name=search_term_string\"}],\"inLanguage\":\"en-US\"},{\"@type\":\"ImageObject\",\"@id\":\"https:\/\/www.christelle-danan-hypnose.fr\/index.php\/christelle-danan\/#primaryimage\",\"inLanguage\":\"en-US\",\"url\":\"https:\/\/www.christelle-danan-hypnose.fr\/wp-content\/uploads\/2021\/11\/fondtextecouleur.png\",\"contentUrl\":\"https:\/\/www.christelle-danan-hypnose.fr\/wp-content\/uploads\/2021\/11\/fondtextecouleur.png\",\"width\":2000,\"height\":1200},{\"@type\":\"WebPage\",\"@id\":\"https:\/\/www.christelle-danan-hypnose.fr\/index.php\/christelle-danan\/#webpage\",\"url\":\"https:\/\/www.christelle-danan-hypnose.fr\/index.php\/christelle-danan\/\",\"name\":\"Qui suis je ? - Christelle Danan Hypnose\",\"isPartOf\":{\"@id\":\"https:\/\/www.christelle-danan-hypnose.fr\/#website\"},\"primaryImageOfPage\":{\"@id\":\"https:\/\/www.christelle-danan-hypnose.fr\/index.php\/christelle-danan\/#primaryimage\"},\"datePublished\":\"2021-11-23T15:13:05+00:00\",\"dateModified\":\"2022-01-09T14:46:53+00:00\",\"description\":\"Christelle Danan, hypnoth\\u00e9rapeute certifi\\u00e9e. D\\u00e9couvrez mon parcours et ma m\\u00e9thode pour mieux vous accompagner.\",\"breadcrumb\":{\"@id\":\"https:\/\/www.christelle-danan-hypnose.fr\/index.php\/christelle-danan\/#breadcrumb\"},\"inLanguage\":\"en-US\",\"potentialAction\":[{\"@type\":\"ReadAction\",\"target\":[\"https:\/\/www.christelle-danan-hypnose.fr\/index.php\/christelle-danan\/\"]}]},{\"@type\":\"BreadcrumbList\",\"@id\":\"https:\/\/www.christelle-danan-hypnose.fr\/index.php\/christelle-danan\/#breadcrumb\",\"itemListElement\":[{\"@type\":\"ListItem\",\"position\":1,\"name\":\"Accueil\",\"item\":\"https:\/\/www.christelle-danan-hypnose.fr\/\"},{\"@type\":\"ListItem\",\"position\":2,\"name\":\"Qui suis je ?\"}]}]}<\/script>\n<!-- \/ Yoast SEO plugin. -->","yoast_head_json":{"title":"Qui suis je ? - Christelle Danan Hypnose","description":"Christelle Danan, hypnoth\u00e9rapeute certifi\u00e9e. D\u00e9couvrez mon parcours et ma m\u00e9thode pour mieux vous accompagner.","robots":{"index":"index","follow":"follow","max-snippet":"max-snippet:-1","max-image-preview":"max-image-preview:large","max-video-preview":"max-video-preview:-1"},"canonical":"https:\/\/www.christelle-danan-hypnose.fr\/index.php\/christelle-danan\/","og_locale":"en_US","og_type":"article","og_title":"Qui suis je ? - Christelle Danan Hypnose","og_description":"Christelle Danan, hypnoth\u00e9rapeute certifi\u00e9e. D\u00e9couvrez mon parcours et ma m\u00e9thode pour mieux vous accompagner.","og_url":"https:\/\/www.christelle-danan-hypnose.fr\/index.php\/christelle-danan\/","og_site_name":"Christelle Danan Hypnose","article_modified_time":"2022-01-09T14:46:53+00:00","og_image":[{"width":2000,"height":1200,"url":"https:\/\/www.christelle-danan-hypnose.fr\/wp-content\/uploads\/2021\/11\/fondtextecouleur.png","type":"image\/png"}],"twitter_card":"summary_large_image","twitter_misc":{"Est. reading time":"2 minutes"},"schema":{"@context":"https:\/\/schema.org","@graph":[{"@type":"WebSite","@id":"https:\/\/www.christelle-danan-hypnose.fr\/#website","url":"https:\/\/www.christelle-danan-hypnose.fr\/","name":"Christelle Danan Hypnose","description":"","potentialAction":[{"@type":"SearchAction","target":{"@type":"EntryPoint","urlTemplate":"https:\/\/www.christelle-danan-hypnose.fr\/?s={search_term_string}"},"query-input":"required name=search_term_string"}],"inLanguage":"en-US"},{"@type":"ImageObject","@id":"https:\/\/www.christelle-danan-hypnose.fr\/index.php\/christelle-danan\/#primaryimage","inLanguage":"en-US","url":"https:\/\/www.christelle-danan-hypnose.fr\/wp-content\/uploads\/2021\/11\/fondtextecouleur.png","contentUrl":"https:\/\/www.christelle-danan-hypnose.fr\/wp-content\/uploads\/2021\/11\/fondtextecouleur.png","width":2000,"height":1200},{"@type":"WebPage","@id":"https:\/\/www.christelle-danan-hypnose.fr\/index.php\/christelle-danan\/#webpage","url":"https:\/\/www.christelle-danan-hypnose.fr\/index.php\/christelle-danan\/","name":"Qui suis je ? - Christelle Danan Hypnose","isPartOf":{"@id":"https:\/\/www.christelle-danan-hypnose.fr\/#website"},"primaryImageOfPage":{"@id":"https:\/\/www.christelle-danan-hypnose.fr\/index.php\/christelle-danan\/#primaryimage"},"datePublished":"2021-11-23T15:13:05+00:00","dateModified":"2022-01-09T14:46:53+00:00","description":"Christelle Danan, hypnoth\u00e9rapeute certifi\u00e9e. D\u00e9couvrez mon parcours et ma m\u00e9thode pour mieux vous accompagner.","breadcrumb":{"@id":"https:\/\/www.christelle-danan-hypnose.fr\/index.php\/christelle-danan\/#breadcrumb"},"inLanguage":"en-US","potentialAction":[{"@type":"ReadAction","target":["https:\/\/www.christelle-danan-hypnose.fr\/index.php\/christelle-danan\/"]}]},{"@type":"BreadcrumbList","@id":"https:\/\/www.christelle-danan-hypnose.fr\/index.php\/christelle-danan\/#breadcrumb","itemListElement":[{"@type":"ListItem","position":1,"name":"Accueil","item":"https:\/\/www.christelle-danan-hypnose.fr\/"},{"@type":"ListItem","position":2,"name":"Qui suis je ?"}]}]}},"_links":{"self":[{"href":"https:\/\/www.christelle-danan-hypnose.fr\/index.php\/wp-json\/wp\/v2\/pages\/153"}],"collection":[{"href":"https:\/\/www.christelle-danan-hypnose.fr\/index.php\/wp-json\/wp\/v2\/pages"}],"about":[{"href":"https:\/\/www.christelle-danan-hypnose.fr\/index.php\/wp-json\/wp\/v2\/types\/page"}],"author":[{"embeddable":true,"href":"https:\/\/www.christelle-danan-hypnose.fr\/index.php\/wp-json\/wp\/v2\/users\/1"}],"replies":[{"embeddable":true,"href":"https:\/\/www.christelle-danan-hypnose.fr\/index.php\/wp-json\/wp\/v2\/comments?post=153"}],"version-history":[{"count":57,"href":"https:\/\/www.christelle-danan-hypnose.fr\/index.php\/wp-json\/wp\/v2\/pages\/153\/revisions"}],"predecessor-version":[{"id":386,"href":"https:\/\/www.christelle-danan-hypnose.fr\/index.php\/wp-json\/wp\/v2\/pages\/153\/revisions\/386"}],"wp:featuredmedia":[{"embeddable":true,"href":"https:\/\/www.christelle-danan-hypnose.fr\/index.php\/wp-json\/wp\/v2\/media\/158"}],"wp:attachment":[{"href":"https:\/\/www.christelle-danan-hypnose.fr\/index.php\/wp-json\/wp\/v2\/media?parent=153"}],"curies":[{"name":"wp","href":"https:\/\/api.w.org\/{rel}","templated":true}]}}