{"id":266,"date":"2021-12-02T09:45:48","date_gmt":"2021-12-02T08:45:48","guid":{"rendered":"http:\/\/www.christelle-danan-hypnose.fr\/?page_id=266"},"modified":"2021-12-19T15:05:27","modified_gmt":"2021-12-19T14:05:27","slug":"votre-seance","status":"publish","type":"page","link":"https:\/\/www.christelle-danan-hypnose.fr\/index.php\/votre-seance\/","title":{"rendered":"Votre s\u00e9ance"},"content":{"rendered":"\t\t<div data-elementor-type=\"wp-page\" data-elementor-id=\"266\" class=\"elementor elementor-266\" data-elementor-settings=\"[]\">\n\t\t\t\t\t\t\t<div class=\"elementor-section-wrap\">\n\t\t\t\t\t\t\t<section class=\"elementor-section elementor-top-section elementor-element elementor-element-0eb6b13 elementor-section-boxed elementor-section-height-default elementor-section-height-default\" data-id=\"0eb6b13\" data-element_type=\"section\">\n\t\t\t\t\t\t<div class=\"elementor-container elementor-column-gap-default\">\n\t\t\t\t\t<div class=\"elementor-column elementor-col-100 elementor-top-column elementor-element elementor-element-33ccd91\" data-id=\"33ccd91\" data-element_type=\"column\">\n\t\t\t<div class=\"elementor-widget-wrap elementor-element-populated\">\n\t\t\t\t\t\t\t\t<div class=\"elementor-element elementor-element-f729059 elementor-widget elementor-widget-heading\" data-id=\"f729059\" data-element_type=\"widget\" data-widget_type=\"heading.default\">\n\t\t\t\t<div class=\"elementor-widget-container\">\n\t\t\t<h2 class=\"elementor-heading-title elementor-size-xl\">Comment se d\u00e9roule une s\u00e9ance d'hypnoth\u00e9rapie ?<\/h2>\t\t<\/div>\n\t\t\t\t<\/div>\n\t\t\t\t\t<\/div>\n\t\t<\/div>\n\t\t\t\t\t\t\t<\/div>\n\t\t<\/section>\n\t\t\t\t<section class=\"elementor-section elementor-top-section elementor-element elementor-element-f5144bb elementor-section-boxed elementor-section-height-default elementor-section-height-default\" data-id=\"f5144bb\" data-element_type=\"section\">\n\t\t\t\t\t\t<div class=\"elementor-container elementor-column-gap-default\">\n\t\t\t\t\t<div class=\"elementor-column elementor-col-50 elementor-top-column elementor-element elementor-element-9bdf88a\" data-id=\"9bdf88a\" data-element_type=\"column\">\n\t\t\t<div class=\"elementor-widget-wrap elementor-element-populated\">\n\t\t\t\t\t\t\t\t<div class=\"elementor-element elementor-element-e633006 elementor-widget elementor-widget-image\" data-id=\"e633006\" data-element_type=\"widget\" data-widget_type=\"image.default\">\n\t\t\t\t<div class=\"elementor-widget-container\">\n\t\t\t\t\t\t\t\t\t\t\t\t\t\t\t<img width=\"768\" height=\"1007\" src=\"https:\/\/www.christelle-danan-hypnose.fr\/wp-content\/uploads\/2021\/12\/seance-1-768x1007.png\" class=\"attachment-medium_large size-medium_large\" alt=\"\" loading=\"lazy\" srcset=\"https:\/\/www.christelle-danan-hypnose.fr\/wp-content\/uploads\/2021\/12\/seance-1-768x1007.png 768w, https:\/\/www.christelle-danan-hypnose.fr\/wp-content\/uploads\/2021\/12\/seance-1-229x300.png 229w, https:\/\/www.christelle-danan-hypnose.fr\/wp-content\/uploads\/2021\/12\/seance-1-781x1024.png 781w, https:\/\/www.christelle-danan-hypnose.fr\/wp-content\/uploads\/2021\/12\/seance-1-1171x1536.png 1171w, https:\/\/www.christelle-danan-hypnose.fr\/wp-content\/uploads\/2021\/12\/seance-1-1561x2048.png 1561w\" sizes=\"(max-width: 768px) 100vw, 768px\" \/>\t\t\t\t\t\t\t\t\t\t\t\t\t\t\t<\/div>\n\t\t\t\t<\/div>\n\t\t\t\t\t<\/div>\n\t\t<\/div>\n\t\t\t\t<div class=\"elementor-column elementor-col-50 elementor-top-column elementor-element elementor-element-4893ba4\" data-id=\"4893ba4\" data-element_type=\"column\">\n\t\t\t<div class=\"elementor-widget-wrap elementor-element-populated\">\n\t\t\t\t\t\t\t\t<div class=\"elementor-element elementor-element-69aa4b8 elementor-widget elementor-widget-text-editor\" data-id=\"69aa4b8\" data-element_type=\"widget\" data-widget_type=\"text-editor.default\">\n\t\t\t\t<div class=\"elementor-widget-container\">\n\t\t\t\t\t\t\t<p style=\"margin-bottom: 0.000 pt; line-height: normal; background-image: initial; background-position: initial; background-size: initial; background-repeat: initial; background-attachment: initial; background-origin: initial; background-clip: initial;\"><span style=\"text-decoration: underline;\"><strong><span style=\"font-family: Arial, 'sans-serif'; color: #222222; text-decoration: underline;\">\u00a0<\/span><\/strong><\/span><\/p><p style=\"margin-bottom: 0.000 pt; line-height: normal; background-image: initial; background-position: initial; background-size: initial; background-repeat: initial; background-attachment: initial; background-origin: initial; background-clip: initial;\"><span style=\"text-decoration: underline;\"><strong><span style=\"font-family: Arial, 'sans-serif'; color: #222222; text-decoration: underline;\">La<\/span><\/strong><span style=\"font-family: Arial, 'sans-serif'; color: #222222; text-decoration: underline;\"><strong> premi\u00e8re rencontre<\/strong><\/span><\/span><\/p><p style=\"margin-bottom: 0.0001pt; line-height: normal; background-image: initial; background-position: initial; background-size: initial; background-repeat: initial; background-attachment: initial; background-origin: initial; background-clip: initial;\"><span style=\"font-family: 'Arial','sans-serif'; mso-fareast-font-family: 'Times New Roman'; color: #222222; mso-fareast-language: FR;\">Avant d\u2019entamer un travail en hypnose, nous nous rencontrons une premi\u00e8re fois lors d&#8217;une s\u00e9ance d&#8217;\u00e9change.\u00a0<\/span><span style=\"font-family: 'Arial','sans-serif'; mso-fareast-font-family: 'Times New Roman'; color: #222222; mso-fareast-language: FR;\">Cet entretien permet de\u00a0<b>clarifier votre demande<\/b>, vos besoins, les aspects de votre personnalit\u00e9 que vous d\u00e9sirez mieux comprendre. Ainsi nous\u00a0<\/span><span style=\"color: #222222; font-family: Arial, 'sans-serif'; font-weight: var( --e-global-typography-text-font-weight );\">d\u00e9terminons ensemble l\u2019objectif fix\u00e9 et la suite de votre parcours en hypnoth\u00e9rapie.<\/span><\/p><p style=\"margin-bottom: 0.0001pt; line-height: normal; background-image: initial; background-position: initial; background-size: initial; background-repeat: initial; background-attachment: initial; background-origin: initial; background-clip: initial;\"><span style=\"color: #222222; font-family: Arial, 'sans-serif'; font-weight: var( --e-global-typography-text-font-weight );\">\u00a0<\/span><\/p><p style=\"margin-bottom: 0.0001pt; line-height: normal; background-image: initial; background-position: initial; background-size: initial; background-repeat: initial; background-attachment: initial; background-origin: initial; background-clip: initial;\"><span style=\"color: #222222; font-family: Arial, 'sans-serif'; font-weight: var( --e-global-typography-text-font-weight );\">\u00a0<\/span><\/p><p style=\"margin-bottom: 0.0001pt; line-height: normal; background-image: initial; background-position: initial; background-size: initial; background-repeat: initial; background-attachment: initial; background-origin: initial; background-clip: initial;\"><strong><span style=\"text-decoration: underline;\"><span style=\"color: #222222; font-family: Arial, 'sans-serif'; text-decoration: underline;\">Les s\u00e9ances<\/span><\/span><\/strong><\/p><p style=\"margin-bottom: 0.0001pt; line-height: normal; background-image: initial; background-position: initial; background-size: initial; background-repeat: initial; background-attachment: initial; background-origin: initial; background-clip: initial;\"><span style=\"font-family: 'Arial','sans-serif'; mso-fareast-font-family: 'Times New Roman'; color: #222222; mso-fareast-language: FR;\">\u00a0<\/span><\/p><p style=\"margin-bottom: 0.0001pt; line-height: normal; background-image: initial; background-position: initial; background-size: initial; background-repeat: initial; background-attachment: initial; background-origin: initial; background-clip: initial;\"><u><span style=\"font-family: 'Arial','sans-serif'; mso-fareast-font-family: 'Times New Roman'; color: #222222; mso-fareast-language: FR;\">L\u2019induction en hypnose<\/span><\/u><\/p><p style=\"margin-bottom: 0.0001pt; line-height: normal; background-image: initial; background-position: initial; background-size: initial; background-repeat: initial; background-attachment: initial; background-origin: initial; background-clip: initial;\"><span style=\"font-family: 'Arial','sans-serif'; mso-fareast-font-family: 'Times New Roman'; color: #222222; mso-fareast-language: FR;\">\u00a0<\/span><\/p><p style=\"margin-bottom: 0.0001pt; line-height: normal; background-image: initial; background-position: initial; background-size: initial; background-repeat: initial; background-attachment: initial; background-origin: initial; background-clip: initial;\"><span style=\"font-family: 'Arial','sans-serif'; mso-fareast-font-family: 'Times New Roman'; color: #222222; mso-fareast-language: FR;\">C\u2019est le moment o\u00f9 vous pouvez vous laisser guider par ma voix, c\u2019est le moment de faire confiance \u00e0 votre inconscient.\u00a0<\/span><span style=\"color: #222222; font-family: Arial, 'sans-serif'; font-weight: var( --e-global-typography-text-font-weight );\">Vous n\u2019\u00eates pas endormis, vous restez vigilant, actif et r\u00e9ceptif.<\/span><\/p><p style=\"margin-bottom: 0.0001pt; line-height: normal; background-image: initial; background-position: initial; background-size: initial; background-repeat: initial; background-attachment: initial; background-origin: initial; background-clip: initial;\"><span style=\"font-family: 'Arial','sans-serif'; mso-fareast-font-family: 'Times New Roman'; color: #222222; mso-fareast-language: FR;\">\u00a0<\/span><\/p><p style=\"margin-bottom: 0.0001pt; line-height: normal; background-image: initial; background-position: initial; background-size: initial; background-repeat: initial; background-attachment: initial; background-origin: initial; background-clip: initial;\"><u><span style=\"font-family: 'Arial','sans-serif'; mso-fareast-font-family: 'Times New Roman'; color: #222222; mso-fareast-language: FR;\">Dur\u00e9e d\u2019une s\u00e9ance<\/span><\/u><\/p><p style=\"margin-bottom: 0.0001pt; line-height: normal; background-image: initial; background-position: initial; background-size: initial; background-repeat: initial; background-attachment: initial; background-origin: initial; background-clip: initial;\"><span style=\"font-family: 'Arial','sans-serif'; mso-fareast-font-family: 'Times New Roman'; color: #222222; mso-fareast-language: FR;\">La s\u00e9ance d\u2019hypnoth\u00e9rapie dure environ 1h.<\/span><\/p><p style=\"margin-bottom: 0.0001pt; line-height: normal; background-image: initial; background-position: initial; background-size: initial; background-repeat: initial; background-attachment: initial; background-origin: initial; background-clip: initial;\"><span style=\"font-family: 'Arial','sans-serif'; mso-fareast-font-family: 'Times New Roman'; color: #222222; mso-fareast-language: FR;\">\u00a0<\/span><\/p><p style=\"margin-bottom: 0.0001pt; line-height: normal; background-image: initial; background-position: initial; background-size: initial; background-repeat: initial; background-attachment: initial; background-origin: initial; background-clip: initial;\"><u><span style=\"font-family: 'Arial','sans-serif'; mso-fareast-font-family: 'Times New Roman'; color: #222222; mso-fareast-language: FR;\">Combien de s\u00e9ances sont n\u00e9cessaires ?<\/span><\/u><\/p><p style=\"margin-bottom: 0.0001pt; line-height: normal; background-image: initial; background-position: initial; background-size: initial; background-repeat: initial; background-attachment: initial; background-origin: initial; background-clip: initial;\"><span style=\"font-family: 'Arial','sans-serif'; mso-fareast-font-family: 'Times New Roman'; color: #222222; mso-fareast-language: FR;\">\u00a0<\/span><\/p><p style=\"margin-bottom: 0.0001pt; line-height: normal; background-image: initial; background-position: initial; background-size: initial; background-repeat: initial; background-attachment: initial; background-origin: initial; background-clip: initial;\"><span style=\"font-family: 'Arial','sans-serif'; mso-fareast-font-family: 'Times New Roman'; color: #222222; mso-fareast-language: FR;\">Selon la probl\u00e9matique, il faut compter entre 3 et 5 s\u00e9ances d\u2019hypnose.<\/span><\/p><p style=\"margin-bottom: 0.0001pt; line-height: normal; background-image: initial; background-position: initial; background-size: initial; background-repeat: initial; background-attachment: initial; background-origin: initial; background-clip: initial;\"><span style=\"font-family: 'Arial','sans-serif'; mso-fareast-font-family: 'Times New Roman'; color: #222222; mso-fareast-language: FR;\">L\u2019influence positive est souvent ressentie d\u00e8s la premi\u00e8re s\u00e9ance.<\/span><\/p><p style=\"margin-bottom: 0.0001pt; line-height: normal; background-image: initial; background-position: initial; background-size: initial; background-repeat: initial; background-attachment: initial; background-origin: initial; background-clip: initial;\"><span style=\"font-family: 'Arial','sans-serif'; mso-fareast-font-family: 'Times New Roman'; color: #222222; mso-fareast-language: FR;\">\u00a0<\/span><\/p><p style=\"margin-bottom: 0.0001pt; line-height: normal; background-image: initial; background-position: initial; background-size: initial; background-repeat: initial; background-attachment: initial; background-origin: initial; background-clip: initial;\"><u><span style=\"font-family: 'Arial','sans-serif'; mso-fareast-font-family: 'Times New Roman'; color: #222222; mso-fareast-language: FR;\">Tarif<\/span><\/u><\/p><p style=\"margin-bottom: 0.0001pt; line-height: normal; background-image: initial; background-position: initial; background-size: initial; background-repeat: initial; background-attachment: initial; background-origin: initial; background-clip: initial;\">\u00a0<\/p><p style=\"margin-bottom: 0.0001pt; line-height: normal; background-image: initial; background-position: initial; background-size: initial; background-repeat: initial; background-attachment: initial; background-origin: initial; background-clip: initial;\"><span style=\"font-family: 'Arial','sans-serif'; mso-fareast-font-family: 'Times New Roman'; color: #222222; mso-fareast-language: FR;\">Le tarif de la s\u00e9ance est de 55\u20ac\u00a0<\/span><\/p>\t\t\t\t\t\t<\/div>\n\t\t\t\t<\/div>\n\t\t\t\t\t<\/div>\n\t\t<\/div>\n\t\t\t\t\t\t\t<\/div>\n\t\t<\/section>\n\t\t\t\t\t\t<\/div>\n\t\t\t\t\t<\/div>\n\t\t","protected":false},"excerpt":{"rendered":"<p>Comment se d\u00e9roule une s\u00e9ance d&#8217;hypnoth\u00e9rapie ? &nbsp; La premi\u00e8re rencontre Avant d\u2019entamer un travail en hypnose, nous nous rencontrons une premi\u00e8re fois lors d&#8217;une s\u00e9ance d&#8217;\u00e9change.&nbsp;Cet entretien permet de&nbsp;clarifier votre demande, vos besoins, les aspects de votre personnalit\u00e9 que vous d\u00e9sirez mieux comprendre. Ainsi nous&nbsp;d\u00e9terminons ensemble l\u2019objectif fix\u00e9 et la suite de votre parcours [&hellip;]<\/p>\n","protected":false},"author":1,"featured_media":158,"parent":0,"menu_order":0,"comment_status":"closed","ping_status":"closed","template":"elementor_theme","meta":[],"yoast_head":"<!-- This site is optimized with the Yoast SEO plugin v17.7.1 - https:\/\/yoast.com\/wordpress\/plugins\/seo\/ -->\n<title>Votre s\u00e9ance - Christelle Danan Hypnose<\/title>\n<meta name=\"description\" content=\"Votre s\u00e9ance d&#039;hypnoth\u00e9rapie en d\u00e9tails : Combien de s\u00e9ances sont n\u00e9cessaire ? Comment se d\u00e9roule concr\u00e8tement une s\u00e9ance ?\" \/>\n<meta name=\"robots\" content=\"index, follow, max-snippet:-1, max-image-preview:large, max-video-preview:-1\" \/>\n<link rel=\"canonical\" href=\"https:\/\/www.christelle-danan-hypnose.fr\/index.php\/votre-seance\/\" \/>\n<meta property=\"og:locale\" content=\"en_US\" \/>\n<meta property=\"og:type\" content=\"article\" \/>\n<meta property=\"og:title\" content=\"Votre s\u00e9ance - Christelle Danan Hypnose\" \/>\n<meta property=\"og:description\" content=\"Votre s\u00e9ance d&#039;hypnoth\u00e9rapie en d\u00e9tails : Combien de s\u00e9ances sont n\u00e9cessaire ? Comment se d\u00e9roule concr\u00e8tement une s\u00e9ance ?\" \/>\n<meta property=\"og:url\" content=\"https:\/\/www.christelle-danan-hypnose.fr\/index.php\/votre-seance\/\" \/>\n<meta property=\"og:site_name\" content=\"Christelle Danan Hypnose\" \/>\n<meta property=\"article:modified_time\" content=\"2021-12-19T14:05:27+00:00\" \/>\n<meta property=\"og:image\" content=\"https:\/\/www.christelle-danan-hypnose.fr\/wp-content\/uploads\/2021\/11\/fondtextecouleur.png\" \/>\n\t<meta property=\"og:image:width\" content=\"2000\" \/>\n\t<meta property=\"og:image:height\" content=\"1200\" \/>\n<meta name=\"twitter:card\" content=\"summary_large_image\" \/>\n<meta name=\"twitter:label1\" content=\"Est. reading time\" \/>\n\t<meta name=\"twitter:data1\" content=\"1 minute\" \/>\n<script type=\"application\/ld+json\" class=\"yoast-schema-graph\">{\"@context\":\"https:\/\/schema.org\",\"@graph\":[{\"@type\":\"WebSite\",\"@id\":\"https:\/\/www.christelle-danan-hypnose.fr\/#website\",\"url\":\"https:\/\/www.christelle-danan-hypnose.fr\/\",\"name\":\"Christelle Danan Hypnose\",\"description\":\"\",\"potentialAction\":[{\"@type\":\"SearchAction\",\"target\":{\"@type\":\"EntryPoint\",\"urlTemplate\":\"https:\/\/www.christelle-danan-hypnose.fr\/?s={search_term_string}\"},\"query-input\":\"required name=search_term_string\"}],\"inLanguage\":\"en-US\"},{\"@type\":\"ImageObject\",\"@id\":\"https:\/\/www.christelle-danan-hypnose.fr\/index.php\/votre-seance\/#primaryimage\",\"inLanguage\":\"en-US\",\"url\":\"https:\/\/www.christelle-danan-hypnose.fr\/wp-content\/uploads\/2021\/11\/fondtextecouleur.png\",\"contentUrl\":\"https:\/\/www.christelle-danan-hypnose.fr\/wp-content\/uploads\/2021\/11\/fondtextecouleur.png\",\"width\":2000,\"height\":1200},{\"@type\":\"WebPage\",\"@id\":\"https:\/\/www.christelle-danan-hypnose.fr\/index.php\/votre-seance\/#webpage\",\"url\":\"https:\/\/www.christelle-danan-hypnose.fr\/index.php\/votre-seance\/\",\"name\":\"Votre s\\u00e9ance - Christelle Danan Hypnose\",\"isPartOf\":{\"@id\":\"https:\/\/www.christelle-danan-hypnose.fr\/#website\"},\"primaryImageOfPage\":{\"@id\":\"https:\/\/www.christelle-danan-hypnose.fr\/index.php\/votre-seance\/#primaryimage\"},\"datePublished\":\"2021-12-02T08:45:48+00:00\",\"dateModified\":\"2021-12-19T14:05:27+00:00\",\"description\":\"Votre s\\u00e9ance d'hypnoth\\u00e9rapie en d\\u00e9tails : Combien de s\\u00e9ances sont n\\u00e9cessaire ? Comment se d\\u00e9roule concr\\u00e8tement une s\\u00e9ance ?\",\"breadcrumb\":{\"@id\":\"https:\/\/www.christelle-danan-hypnose.fr\/index.php\/votre-seance\/#breadcrumb\"},\"inLanguage\":\"en-US\",\"potentialAction\":[{\"@type\":\"ReadAction\",\"target\":[\"https:\/\/www.christelle-danan-hypnose.fr\/index.php\/votre-seance\/\"]}]},{\"@type\":\"BreadcrumbList\",\"@id\":\"https:\/\/www.christelle-danan-hypnose.fr\/index.php\/votre-seance\/#breadcrumb\",\"itemListElement\":[{\"@type\":\"ListItem\",\"position\":1,\"name\":\"Accueil\",\"item\":\"https:\/\/www.christelle-danan-hypnose.fr\/\"},{\"@type\":\"ListItem\",\"position\":2,\"name\":\"Votre s\\u00e9ance\"}]}]}<\/script>\n<!-- \/ Yoast SEO plugin. -->","yoast_head_json":{"title":"Votre s\u00e9ance - Christelle Danan Hypnose","description":"Votre s\u00e9ance d'hypnoth\u00e9rapie en d\u00e9tails : Combien de s\u00e9ances sont n\u00e9cessaire ? Comment se d\u00e9roule concr\u00e8tement une s\u00e9ance ?","robots":{"index":"index","follow":"follow","max-snippet":"max-snippet:-1","max-image-preview":"max-image-preview:large","max-video-preview":"max-video-preview:-1"},"canonical":"https:\/\/www.christelle-danan-hypnose.fr\/index.php\/votre-seance\/","og_locale":"en_US","og_type":"article","og_title":"Votre s\u00e9ance - Christelle Danan Hypnose","og_description":"Votre s\u00e9ance d'hypnoth\u00e9rapie en d\u00e9tails : Combien de s\u00e9ances sont n\u00e9cessaire ? Comment se d\u00e9roule concr\u00e8tement une s\u00e9ance ?","og_url":"https:\/\/www.christelle-danan-hypnose.fr\/index.php\/votre-seance\/","og_site_name":"Christelle Danan Hypnose","article_modified_time":"2021-12-19T14:05:27+00:00","og_image":[{"width":2000,"height":1200,"url":"https:\/\/www.christelle-danan-hypnose.fr\/wp-content\/uploads\/2021\/11\/fondtextecouleur.png","type":"image\/png"}],"twitter_card":"summary_large_image","twitter_misc":{"Est. reading time":"1 minute"},"schema":{"@context":"https:\/\/schema.org","@graph":[{"@type":"WebSite","@id":"https:\/\/www.christelle-danan-hypnose.fr\/#website","url":"https:\/\/www.christelle-danan-hypnose.fr\/","name":"Christelle Danan Hypnose","description":"","potentialAction":[{"@type":"SearchAction","target":{"@type":"EntryPoint","urlTemplate":"https:\/\/www.christelle-danan-hypnose.fr\/?s={search_term_string}"},"query-input":"required name=search_term_string"}],"inLanguage":"en-US"},{"@type":"ImageObject","@id":"https:\/\/www.christelle-danan-hypnose.fr\/index.php\/votre-seance\/#primaryimage","inLanguage":"en-US","url":"https:\/\/www.christelle-danan-hypnose.fr\/wp-content\/uploads\/2021\/11\/fondtextecouleur.png","contentUrl":"https:\/\/www.christelle-danan-hypnose.fr\/wp-content\/uploads\/2021\/11\/fondtextecouleur.png","width":2000,"height":1200},{"@type":"WebPage","@id":"https:\/\/www.christelle-danan-hypnose.fr\/index.php\/votre-seance\/#webpage","url":"https:\/\/www.christelle-danan-hypnose.fr\/index.php\/votre-seance\/","name":"Votre s\u00e9ance - Christelle Danan Hypnose","isPartOf":{"@id":"https:\/\/www.christelle-danan-hypnose.fr\/#website"},"primaryImageOfPage":{"@id":"https:\/\/www.christelle-danan-hypnose.fr\/index.php\/votre-seance\/#primaryimage"},"datePublished":"2021-12-02T08:45:48+00:00","dateModified":"2021-12-19T14:05:27+00:00","description":"Votre s\u00e9ance d'hypnoth\u00e9rapie en d\u00e9tails : Combien de s\u00e9ances sont n\u00e9cessaire ? Comment se d\u00e9roule concr\u00e8tement une s\u00e9ance ?","breadcrumb":{"@id":"https:\/\/www.christelle-danan-hypnose.fr\/index.php\/votre-seance\/#breadcrumb"},"inLanguage":"en-US","potentialAction":[{"@type":"ReadAction","target":["https:\/\/www.christelle-danan-hypnose.fr\/index.php\/votre-seance\/"]}]},{"@type":"BreadcrumbList","@id":"https:\/\/www.christelle-danan-hypnose.fr\/index.php\/votre-seance\/#breadcrumb","itemListElement":[{"@type":"ListItem","position":1,"name":"Accueil","item":"https:\/\/www.christelle-danan-hypnose.fr\/"},{"@type":"ListItem","position":2,"name":"Votre s\u00e9ance"}]}]}},"_links":{"self":[{"href":"https:\/\/www.christelle-danan-hypnose.fr\/index.php\/wp-json\/wp\/v2\/pages\/266"}],"collection":[{"href":"https:\/\/www.christelle-danan-hypnose.fr\/index.php\/wp-json\/wp\/v2\/pages"}],"about":[{"href":"https:\/\/www.christelle-danan-hypnose.fr\/index.php\/wp-json\/wp\/v2\/types\/page"}],"author":[{"embeddable":true,"href":"https:\/\/www.christelle-danan-hypnose.fr\/index.php\/wp-json\/wp\/v2\/users\/1"}],"replies":[{"embeddable":true,"href":"https:\/\/www.christelle-danan-hypnose.fr\/index.php\/wp-json\/wp\/v2\/comments?post=266"}],"version-history":[{"count":20,"href":"https:\/\/www.christelle-danan-hypnose.fr\/index.php\/wp-json\/wp\/v2\/pages\/266\/revisions"}],"predecessor-version":[{"id":324,"href":"https:\/\/www.christelle-danan-hypnose.fr\/index.php\/wp-json\/wp\/v2\/pages\/266\/revisions\/324"}],"wp:featuredmedia":[{"embeddable":true,"href":"https:\/\/www.christelle-danan-hypnose.fr\/index.php\/wp-json\/wp\/v2\/media\/158"}],"wp:attachment":[{"href":"https:\/\/www.christelle-danan-hypnose.fr\/index.php\/wp-json\/wp\/v2\/media?parent=266"}],"curies":[{"name":"wp","href":"https:\/\/api.w.org\/{rel}","templated":true}]}}